{"id":10306,"date":"2024-07-18T16:34:39","date_gmt":"2024-07-18T14:34:39","guid":{"rendered":"https:\/\/ilestunefois.com\/agence-de-production-audiovisuelle-a-bruxelles\/"},"modified":"2024-09-02T17:09:37","modified_gmt":"2024-09-02T15:09:37","slug":"agence-production-audiovisuelle-bruxelles","status":"publish","type":"page","link":"https:\/\/www.ilestunefois.com\/fr-be\/agence-production-audiovisuelle-bruxelles\/","title":{"rendered":"Agence de production audiovisuelle \u00e0 Bruxelles"},"content":{"rendered":"","protected":false},"excerpt":{"rendered":"","protected":false},"author":2,"featured_media":0,"parent":0,"menu_order":0,"comment_status":"closed","ping_status":"closed","template":"page-templates\/seo.php","meta":{"inline_featured_image":false,"footnotes":""},"class_list":["post-10306","page","type-page","status-publish","hentry"],"acf":[],"yoast_head":"<!-- This site is optimized with the Yoast SEO plugin v26.9 - https:\/\/yoast.com\/product\/yoast-seo-wordpress\/ -->\n<title>Boite de production audiovisuelle Bruxelles | Il est une Fois<\/title>\n<meta name=\"description\" content=\"Vous recherchez une boite de production audiovisuelle \u00e0 Bruxelles pour votre projet ? D\u00e9couvrez notre soci\u00e9t\u00e9 de prestation vid\u00e9o et audio et ses atouts !\" \/>\n<meta name=\"robots\" content=\"index, follow, max-snippet:-1, max-image-preview:large, max-video-preview:-1\" \/>\n<link rel=\"canonical\" href=\"https:\/\/www.ilestunefois.com\/fr-be\/agence-production-audiovisuelle-bruxelles\/\" \/>\n<meta property=\"og:locale\" content=\"fr_FR\" \/>\n<meta property=\"og:type\" content=\"article\" \/>\n<meta property=\"og:title\" content=\"Boite de production audiovisuelle Bruxelles | Il est une Fois\" \/>\n<meta property=\"og:description\" content=\"Vous recherchez une boite de production audiovisuelle \u00e0 Bruxelles pour votre projet ? D\u00e9couvrez notre soci\u00e9t\u00e9 de prestation vid\u00e9o et audio et ses atouts !\" \/>\n<meta property=\"og:url\" content=\"https:\/\/www.ilestunefois.com\/fr-be\/agence-production-audiovisuelle-bruxelles\/\" \/>\n<meta property=\"og:site_name\" content=\"Il est une fois\" \/>\n<meta property=\"article:publisher\" content=\"https:\/\/www.facebook.com\/ilestunefois\" \/>\n<meta property=\"article:modified_time\" content=\"2024-09-02T15:09:37+00:00\" \/>\n<meta name=\"twitter:card\" content=\"summary_large_image\" \/>\n<meta name=\"twitter:label1\" content=\"Dur\u00e9e de lecture est.\" \/>\n\t<meta name=\"twitter:data1\" content=\"9 minutes\" \/>\n<script type=\"application\/ld+json\" class=\"yoast-schema-graph\">{\"@context\":\"https:\/\/schema.org\",\"@graph\":[{\"@type\":\"WebPage\",\"@id\":\"https:\/\/www.ilestunefois.com\/fr-be\/agence-production-audiovisuelle-bruxelles\/\",\"url\":\"https:\/\/www.ilestunefois.com\/fr-be\/agence-production-audiovisuelle-bruxelles\/\",\"name\":\"Boite de production audiovisuelle Bruxelles | Il est une Fois\",\"isPartOf\":{\"@id\":\"https:\/\/www.ilestunefois.com\/#website\"},\"datePublished\":\"2024-07-18T14:34:39+00:00\",\"dateModified\":\"2024-09-02T15:09:37+00:00\",\"description\":\"Vous recherchez une boite de production audiovisuelle \u00e0 Bruxelles pour votre projet ? D\u00e9couvrez notre soci\u00e9t\u00e9 de prestation vid\u00e9o et audio et ses atouts !\",\"breadcrumb\":{\"@id\":\"https:\/\/www.ilestunefois.com\/fr-be\/agence-production-audiovisuelle-bruxelles\/#breadcrumb\"},\"inLanguage\":\"fr-BE\",\"potentialAction\":[{\"@type\":\"ReadAction\",\"target\":[\"https:\/\/www.ilestunefois.com\/fr-be\/agence-production-audiovisuelle-bruxelles\/\"]}]},{\"@type\":\"BreadcrumbList\",\"@id\":\"https:\/\/www.ilestunefois.com\/fr-be\/agence-production-audiovisuelle-bruxelles\/#breadcrumb\",\"itemListElement\":[{\"@type\":\"ListItem\",\"position\":1,\"name\":\"Accueil\",\"item\":\"https:\/\/www.ilestunefois.com\/fr-be\/\"},{\"@type\":\"ListItem\",\"position\":2,\"name\":\"Agence de production audiovisuelle \u00e0 Bruxelles\"}]},{\"@type\":\"WebSite\",\"@id\":\"https:\/\/www.ilestunefois.com\/#website\",\"url\":\"https:\/\/www.ilestunefois.com\/\",\"name\":\"Il est une fois\",\"description\":\"Agence de production audiovisuelle\",\"publisher\":{\"@id\":\"https:\/\/www.ilestunefois.com\/#organization\"},\"potentialAction\":[{\"@type\":\"SearchAction\",\"target\":{\"@type\":\"EntryPoint\",\"urlTemplate\":\"https:\/\/www.ilestunefois.com\/?s={search_term_string}\"},\"query-input\":{\"@type\":\"PropertyValueSpecification\",\"valueRequired\":true,\"valueName\":\"search_term_string\"}}],\"inLanguage\":\"fr-BE\"},{\"@type\":\"Organization\",\"@id\":\"https:\/\/www.ilestunefois.com\/#organization\",\"name\":\"IL EST UNE FOIS - Soci\u00e9t\u00e9 de Production Audiovisuelle \u00e0 Paris\",\"url\":\"https:\/\/www.ilestunefois.com\/\",\"logo\":{\"@type\":\"ImageObject\",\"inLanguage\":\"fr-BE\",\"@id\":\"https:\/\/www.ilestunefois.com\/#\/schema\/logo\/image\/\",\"url\":\"https:\/\/www.ilestunefois.com\/wp-content\/uploads\/2020\/09\/Sans-titre-7.png\",\"contentUrl\":\"https:\/\/www.ilestunefois.com\/wp-content\/uploads\/2020\/09\/Sans-titre-7.png\",\"width\":512,\"height\":512,\"caption\":\"IL EST UNE FOIS - Soci\u00e9t\u00e9 de Production Audiovisuelle \u00e0 Paris\"},\"image\":{\"@id\":\"https:\/\/www.ilestunefois.com\/#\/schema\/logo\/image\/\"},\"sameAs\":[\"https:\/\/www.facebook.com\/ilestunefois\",\"https:\/\/www.instagram.com\/ilestunefoisproduction\/?hl=en\",\"https:\/\/www.youtube.com\/channel\/UCkD08Da4V6vS1q_BC6-oHrA\"]}]}<\/script>\n<!-- \/ Yoast SEO plugin. -->","yoast_head_json":{"title":"Boite de production audiovisuelle Bruxelles | Il est une Fois","description":"Vous recherchez une boite de production audiovisuelle \u00e0 Bruxelles pour votre projet ? D\u00e9couvrez notre soci\u00e9t\u00e9 de prestation vid\u00e9o et audio et ses atouts !","robots":{"index":"index","follow":"follow","max-snippet":"max-snippet:-1","max-image-preview":"max-image-preview:large","max-video-preview":"max-video-preview:-1"},"canonical":"https:\/\/www.ilestunefois.com\/fr-be\/agence-production-audiovisuelle-bruxelles\/","og_locale":"fr_FR","og_type":"article","og_title":"Boite de production audiovisuelle Bruxelles | Il est une Fois","og_description":"Vous recherchez une boite de production audiovisuelle \u00e0 Bruxelles pour votre projet ? D\u00e9couvrez notre soci\u00e9t\u00e9 de prestation vid\u00e9o et audio et ses atouts !","og_url":"https:\/\/www.ilestunefois.com\/fr-be\/agence-production-audiovisuelle-bruxelles\/","og_site_name":"Il est une fois","article_publisher":"https:\/\/www.facebook.com\/ilestunefois","article_modified_time":"2024-09-02T15:09:37+00:00","twitter_card":"summary_large_image","twitter_misc":{"Dur\u00e9e de lecture est.":"9 minutes"},"schema":{"@context":"https:\/\/schema.org","@graph":[{"@type":"WebPage","@id":"https:\/\/www.ilestunefois.com\/fr-be\/agence-production-audiovisuelle-bruxelles\/","url":"https:\/\/www.ilestunefois.com\/fr-be\/agence-production-audiovisuelle-bruxelles\/","name":"Boite de production audiovisuelle Bruxelles | Il est une Fois","isPartOf":{"@id":"https:\/\/www.ilestunefois.com\/#website"},"datePublished":"2024-07-18T14:34:39+00:00","dateModified":"2024-09-02T15:09:37+00:00","description":"Vous recherchez une boite de production audiovisuelle \u00e0 Bruxelles pour votre projet ? D\u00e9couvrez notre soci\u00e9t\u00e9 de prestation vid\u00e9o et audio et ses atouts !","breadcrumb":{"@id":"https:\/\/www.ilestunefois.com\/fr-be\/agence-production-audiovisuelle-bruxelles\/#breadcrumb"},"inLanguage":"fr-BE","potentialAction":[{"@type":"ReadAction","target":["https:\/\/www.ilestunefois.com\/fr-be\/agence-production-audiovisuelle-bruxelles\/"]}]},{"@type":"BreadcrumbList","@id":"https:\/\/www.ilestunefois.com\/fr-be\/agence-production-audiovisuelle-bruxelles\/#breadcrumb","itemListElement":[{"@type":"ListItem","position":1,"name":"Accueil","item":"https:\/\/www.ilestunefois.com\/fr-be\/"},{"@type":"ListItem","position":2,"name":"Agence de production audiovisuelle \u00e0 Bruxelles"}]},{"@type":"WebSite","@id":"https:\/\/www.ilestunefois.com\/#website","url":"https:\/\/www.ilestunefois.com\/","name":"Il est une fois","description":"Agence de production audiovisuelle","publisher":{"@id":"https:\/\/www.ilestunefois.com\/#organization"},"potentialAction":[{"@type":"SearchAction","target":{"@type":"EntryPoint","urlTemplate":"https:\/\/www.ilestunefois.com\/?s={search_term_string}"},"query-input":{"@type":"PropertyValueSpecification","valueRequired":true,"valueName":"search_term_string"}}],"inLanguage":"fr-BE"},{"@type":"Organization","@id":"https:\/\/www.ilestunefois.com\/#organization","name":"IL EST UNE FOIS - Soci\u00e9t\u00e9 de Production Audiovisuelle \u00e0 Paris","url":"https:\/\/www.ilestunefois.com\/","logo":{"@type":"ImageObject","inLanguage":"fr-BE","@id":"https:\/\/www.ilestunefois.com\/#\/schema\/logo\/image\/","url":"https:\/\/www.ilestunefois.com\/wp-content\/uploads\/2020\/09\/Sans-titre-7.png","contentUrl":"https:\/\/www.ilestunefois.com\/wp-content\/uploads\/2020\/09\/Sans-titre-7.png","width":512,"height":512,"caption":"IL EST UNE FOIS - Soci\u00e9t\u00e9 de Production Audiovisuelle \u00e0 Paris"},"image":{"@id":"https:\/\/www.ilestunefois.com\/#\/schema\/logo\/image\/"},"sameAs":["https:\/\/www.facebook.com\/ilestunefois","https:\/\/www.instagram.com\/ilestunefoisproduction\/?hl=en","https:\/\/www.youtube.com\/channel\/UCkD08Da4V6vS1q_BC6-oHrA"]}]}},"_links":{"self":[{"href":"https:\/\/www.ilestunefois.com\/fr-be\/wp-json\/wp\/v2\/pages\/10306","targetHints":{"allow":["GET"]}}],"collection":[{"href":"https:\/\/www.ilestunefois.com\/fr-be\/wp-json\/wp\/v2\/pages"}],"about":[{"href":"https:\/\/www.ilestunefois.com\/fr-be\/wp-json\/wp\/v2\/types\/page"}],"author":[{"embeddable":true,"href":"https:\/\/www.ilestunefois.com\/fr-be\/wp-json\/wp\/v2\/users\/2"}],"replies":[{"embeddable":true,"href":"https:\/\/www.ilestunefois.com\/fr-be\/wp-json\/wp\/v2\/comments?post=10306"}],"version-history":[{"count":6,"href":"https:\/\/www.ilestunefois.com\/fr-be\/wp-json\/wp\/v2\/pages\/10306\/revisions"}],"predecessor-version":[{"id":10786,"href":"https:\/\/www.ilestunefois.com\/fr-be\/wp-json\/wp\/v2\/pages\/10306\/revisions\/10786"}],"wp:attachment":[{"href":"https:\/\/www.ilestunefois.com\/fr-be\/wp-json\/wp\/v2\/media?parent=10306"}],"curies":[{"name":"wp","href":"https:\/\/api.w.org\/{rel}","templated":true}]}}