{"id":9047,"date":"2024-01-08T11:21:18","date_gmt":"2024-01-08T10:21:18","guid":{"rendered":"https:\/\/www.ilestunefois.com\/video-agency-in-nice\/"},"modified":"2024-01-16T14:35:23","modified_gmt":"2024-01-16T13:35:23","slug":"video-agency-in-nice","status":"publish","type":"page","link":"https:\/\/www.ilestunefois.com\/en\/video-agency-in-nice\/","title":{"rendered":"Video agency in Nice"},"content":{"rendered":"","protected":false},"excerpt":{"rendered":"","protected":false},"author":2,"featured_media":8891,"parent":0,"menu_order":0,"comment_status":"closed","ping_status":"closed","template":"page-templates\/page_standard.php","meta":{"inline_featured_image":false,"footnotes":""},"class_list":["post-9047","page","type-page","status-publish","has-post-thumbnail","hentry"],"acf":[],"yoast_head":"<!-- This site is optimized with the Yoast SEO plugin v26.9 - https:\/\/yoast.com\/product\/yoast-seo-wordpress\/ -->\n<title>Video agency in Nice<\/title>\n<meta name=\"description\" content=\"Need to produce a video for your company? Entrust your audiovisual project to our video agency based in Nice.\" \/>\n<meta name=\"robots\" content=\"index, follow, max-snippet:-1, max-image-preview:large, max-video-preview:-1\" \/>\n<link rel=\"canonical\" href=\"https:\/\/www.ilestunefois.com\/en\/video-agency-in-nice\/\" \/>\n<meta property=\"og:locale\" content=\"en_US\" \/>\n<meta property=\"og:type\" content=\"article\" \/>\n<meta property=\"og:title\" content=\"Video agency in Nice\" \/>\n<meta property=\"og:description\" content=\"Need to produce a video for your company? Entrust your audiovisual project to our video agency based in Nice.\" \/>\n<meta property=\"og:url\" content=\"https:\/\/www.ilestunefois.com\/en\/video-agency-in-nice\/\" \/>\n<meta property=\"og:site_name\" content=\"Il est une fois\" \/>\n<meta property=\"article:publisher\" content=\"https:\/\/www.facebook.com\/ilestunefois\" \/>\n<meta property=\"article:modified_time\" content=\"2024-01-16T13:35:23+00:00\" \/>\n<meta property=\"og:image\" content=\"https:\/\/www.ilestunefois.com\/wp-content\/uploads\/2023\/12\/cityscape-view-with-coastline-and-beach-nice-cot-2023-11-27-05-07-26-utc-scaled.jpg\" \/>\n\t<meta property=\"og:image:width\" content=\"2560\" \/>\n\t<meta property=\"og:image:height\" content=\"1709\" \/>\n\t<meta property=\"og:image:type\" content=\"image\/jpeg\" \/>\n<meta name=\"twitter:card\" content=\"summary_large_image\" \/>\n<script type=\"application\/ld+json\" class=\"yoast-schema-graph\">{\"@context\":\"https:\/\/schema.org\",\"@graph\":[{\"@type\":\"WebPage\",\"@id\":\"https:\/\/www.ilestunefois.com\/en\/video-agency-in-nice\/\",\"url\":\"https:\/\/www.ilestunefois.com\/en\/video-agency-in-nice\/\",\"name\":\"Video agency in Nice\",\"isPartOf\":{\"@id\":\"https:\/\/www.ilestunefois.com\/#website\"},\"primaryImageOfPage\":{\"@id\":\"https:\/\/www.ilestunefois.com\/en\/video-agency-in-nice\/#primaryimage\"},\"image\":{\"@id\":\"https:\/\/www.ilestunefois.com\/en\/video-agency-in-nice\/#primaryimage\"},\"thumbnailUrl\":\"https:\/\/www.ilestunefois.com\/wp-content\/uploads\/2023\/12\/cityscape-view-with-coastline-and-beach-nice-cot-2023-11-27-05-07-26-utc-scaled.jpg\",\"datePublished\":\"2024-01-08T10:21:18+00:00\",\"dateModified\":\"2024-01-16T13:35:23+00:00\",\"description\":\"Need to produce a video for your company? Entrust your audiovisual project to our video agency based in Nice.\",\"breadcrumb\":{\"@id\":\"https:\/\/www.ilestunefois.com\/en\/video-agency-in-nice\/#breadcrumb\"},\"inLanguage\":\"en-US\",\"potentialAction\":[{\"@type\":\"ReadAction\",\"target\":[\"https:\/\/www.ilestunefois.com\/en\/video-agency-in-nice\/\"]}]},{\"@type\":\"ImageObject\",\"inLanguage\":\"en-US\",\"@id\":\"https:\/\/www.ilestunefois.com\/en\/video-agency-in-nice\/#primaryimage\",\"url\":\"https:\/\/www.ilestunefois.com\/wp-content\/uploads\/2023\/12\/cityscape-view-with-coastline-and-beach-nice-cot-2023-11-27-05-07-26-utc-scaled.jpg\",\"contentUrl\":\"https:\/\/www.ilestunefois.com\/wp-content\/uploads\/2023\/12\/cityscape-view-with-coastline-and-beach-nice-cot-2023-11-27-05-07-26-utc-scaled.jpg\",\"width\":2560,\"height\":1709,\"caption\":\"Cityscape view with coastline and beach, Nice, Cote d'Azur, France\"},{\"@type\":\"BreadcrumbList\",\"@id\":\"https:\/\/www.ilestunefois.com\/en\/video-agency-in-nice\/#breadcrumb\",\"itemListElement\":[{\"@type\":\"ListItem\",\"position\":1,\"name\":\"Accueil\",\"item\":\"https:\/\/www.ilestunefois.com\/en\/\"},{\"@type\":\"ListItem\",\"position\":2,\"name\":\"Video agency in Nice\"}]},{\"@type\":\"WebSite\",\"@id\":\"https:\/\/www.ilestunefois.com\/#website\",\"url\":\"https:\/\/www.ilestunefois.com\/\",\"name\":\"Il est une fois\",\"description\":\"Agence de production audiovisuelle\",\"publisher\":{\"@id\":\"https:\/\/www.ilestunefois.com\/#organization\"},\"potentialAction\":[{\"@type\":\"SearchAction\",\"target\":{\"@type\":\"EntryPoint\",\"urlTemplate\":\"https:\/\/www.ilestunefois.com\/?s={search_term_string}\"},\"query-input\":{\"@type\":\"PropertyValueSpecification\",\"valueRequired\":true,\"valueName\":\"search_term_string\"}}],\"inLanguage\":\"en-US\"},{\"@type\":\"Organization\",\"@id\":\"https:\/\/www.ilestunefois.com\/#organization\",\"name\":\"IL EST UNE FOIS - Soci\u00e9t\u00e9 de Production Audiovisuelle \u00e0 Paris\",\"url\":\"https:\/\/www.ilestunefois.com\/\",\"logo\":{\"@type\":\"ImageObject\",\"inLanguage\":\"en-US\",\"@id\":\"https:\/\/www.ilestunefois.com\/#\/schema\/logo\/image\/\",\"url\":\"https:\/\/www.ilestunefois.com\/wp-content\/uploads\/2020\/09\/Sans-titre-7.png\",\"contentUrl\":\"https:\/\/www.ilestunefois.com\/wp-content\/uploads\/2020\/09\/Sans-titre-7.png\",\"width\":512,\"height\":512,\"caption\":\"IL EST UNE FOIS - Soci\u00e9t\u00e9 de Production Audiovisuelle \u00e0 Paris\"},\"image\":{\"@id\":\"https:\/\/www.ilestunefois.com\/#\/schema\/logo\/image\/\"},\"sameAs\":[\"https:\/\/www.facebook.com\/ilestunefois\",\"https:\/\/www.instagram.com\/ilestunefoisproduction\/?hl=en\",\"https:\/\/www.youtube.com\/channel\/UCkD08Da4V6vS1q_BC6-oHrA\"]}]}<\/script>\n<!-- \/ Yoast SEO plugin. -->","yoast_head_json":{"title":"Video agency in Nice","description":"Need to produce a video for your company? Entrust your audiovisual project to our video agency based in Nice.","robots":{"index":"index","follow":"follow","max-snippet":"max-snippet:-1","max-image-preview":"max-image-preview:large","max-video-preview":"max-video-preview:-1"},"canonical":"https:\/\/www.ilestunefois.com\/en\/video-agency-in-nice\/","og_locale":"en_US","og_type":"article","og_title":"Video agency in Nice","og_description":"Need to produce a video for your company? Entrust your audiovisual project to our video agency based in Nice.","og_url":"https:\/\/www.ilestunefois.com\/en\/video-agency-in-nice\/","og_site_name":"Il est une fois","article_publisher":"https:\/\/www.facebook.com\/ilestunefois","article_modified_time":"2024-01-16T13:35:23+00:00","og_image":[{"width":2560,"height":1709,"url":"https:\/\/www.ilestunefois.com\/wp-content\/uploads\/2023\/12\/cityscape-view-with-coastline-and-beach-nice-cot-2023-11-27-05-07-26-utc-scaled.jpg","type":"image\/jpeg"}],"twitter_card":"summary_large_image","schema":{"@context":"https:\/\/schema.org","@graph":[{"@type":"WebPage","@id":"https:\/\/www.ilestunefois.com\/en\/video-agency-in-nice\/","url":"https:\/\/www.ilestunefois.com\/en\/video-agency-in-nice\/","name":"Video agency in Nice","isPartOf":{"@id":"https:\/\/www.ilestunefois.com\/#website"},"primaryImageOfPage":{"@id":"https:\/\/www.ilestunefois.com\/en\/video-agency-in-nice\/#primaryimage"},"image":{"@id":"https:\/\/www.ilestunefois.com\/en\/video-agency-in-nice\/#primaryimage"},"thumbnailUrl":"https:\/\/www.ilestunefois.com\/wp-content\/uploads\/2023\/12\/cityscape-view-with-coastline-and-beach-nice-cot-2023-11-27-05-07-26-utc-scaled.jpg","datePublished":"2024-01-08T10:21:18+00:00","dateModified":"2024-01-16T13:35:23+00:00","description":"Need to produce a video for your company? Entrust your audiovisual project to our video agency based in Nice.","breadcrumb":{"@id":"https:\/\/www.ilestunefois.com\/en\/video-agency-in-nice\/#breadcrumb"},"inLanguage":"en-US","potentialAction":[{"@type":"ReadAction","target":["https:\/\/www.ilestunefois.com\/en\/video-agency-in-nice\/"]}]},{"@type":"ImageObject","inLanguage":"en-US","@id":"https:\/\/www.ilestunefois.com\/en\/video-agency-in-nice\/#primaryimage","url":"https:\/\/www.ilestunefois.com\/wp-content\/uploads\/2023\/12\/cityscape-view-with-coastline-and-beach-nice-cot-2023-11-27-05-07-26-utc-scaled.jpg","contentUrl":"https:\/\/www.ilestunefois.com\/wp-content\/uploads\/2023\/12\/cityscape-view-with-coastline-and-beach-nice-cot-2023-11-27-05-07-26-utc-scaled.jpg","width":2560,"height":1709,"caption":"Cityscape view with coastline and beach, Nice, Cote d'Azur, France"},{"@type":"BreadcrumbList","@id":"https:\/\/www.ilestunefois.com\/en\/video-agency-in-nice\/#breadcrumb","itemListElement":[{"@type":"ListItem","position":1,"name":"Accueil","item":"https:\/\/www.ilestunefois.com\/en\/"},{"@type":"ListItem","position":2,"name":"Video agency in Nice"}]},{"@type":"WebSite","@id":"https:\/\/www.ilestunefois.com\/#website","url":"https:\/\/www.ilestunefois.com\/","name":"Il est une fois","description":"Agence de production audiovisuelle","publisher":{"@id":"https:\/\/www.ilestunefois.com\/#organization"},"potentialAction":[{"@type":"SearchAction","target":{"@type":"EntryPoint","urlTemplate":"https:\/\/www.ilestunefois.com\/?s={search_term_string}"},"query-input":{"@type":"PropertyValueSpecification","valueRequired":true,"valueName":"search_term_string"}}],"inLanguage":"en-US"},{"@type":"Organization","@id":"https:\/\/www.ilestunefois.com\/#organization","name":"IL EST UNE FOIS - Soci\u00e9t\u00e9 de Production Audiovisuelle \u00e0 Paris","url":"https:\/\/www.ilestunefois.com\/","logo":{"@type":"ImageObject","inLanguage":"en-US","@id":"https:\/\/www.ilestunefois.com\/#\/schema\/logo\/image\/","url":"https:\/\/www.ilestunefois.com\/wp-content\/uploads\/2020\/09\/Sans-titre-7.png","contentUrl":"https:\/\/www.ilestunefois.com\/wp-content\/uploads\/2020\/09\/Sans-titre-7.png","width":512,"height":512,"caption":"IL EST UNE FOIS - Soci\u00e9t\u00e9 de Production Audiovisuelle \u00e0 Paris"},"image":{"@id":"https:\/\/www.ilestunefois.com\/#\/schema\/logo\/image\/"},"sameAs":["https:\/\/www.facebook.com\/ilestunefois","https:\/\/www.instagram.com\/ilestunefoisproduction\/?hl=en","https:\/\/www.youtube.com\/channel\/UCkD08Da4V6vS1q_BC6-oHrA"]}]}},"_links":{"self":[{"href":"https:\/\/www.ilestunefois.com\/en\/wp-json\/wp\/v2\/pages\/9047","targetHints":{"allow":["GET"]}}],"collection":[{"href":"https:\/\/www.ilestunefois.com\/en\/wp-json\/wp\/v2\/pages"}],"about":[{"href":"https:\/\/www.ilestunefois.com\/en\/wp-json\/wp\/v2\/types\/page"}],"author":[{"embeddable":true,"href":"https:\/\/www.ilestunefois.com\/en\/wp-json\/wp\/v2\/users\/2"}],"replies":[{"embeddable":true,"href":"https:\/\/www.ilestunefois.com\/en\/wp-json\/wp\/v2\/comments?post=9047"}],"version-history":[{"count":1,"href":"https:\/\/www.ilestunefois.com\/en\/wp-json\/wp\/v2\/pages\/9047\/revisions"}],"predecessor-version":[{"id":9137,"href":"https:\/\/www.ilestunefois.com\/en\/wp-json\/wp\/v2\/pages\/9047\/revisions\/9137"}],"wp:featuredmedia":[{"embeddable":true,"href":"https:\/\/www.ilestunefois.com\/en\/wp-json\/wp\/v2\/media\/8891"}],"wp:attachment":[{"href":"https:\/\/www.ilestunefois.com\/en\/wp-json\/wp\/v2\/media?parent=9047"}],"curies":[{"name":"wp","href":"https:\/\/api.w.org\/{rel}","templated":true}]}}