{"id":5269,"date":"2022-02-07T14:50:58","date_gmt":"2022-02-07T13:50:58","guid":{"rendered":"https:\/\/www.ilestunefois.com\/snack-content\/"},"modified":"2024-11-14T11:33:17","modified_gmt":"2024-11-14T10:33:17","slug":"snack-content","status":"publish","type":"page","link":"https:\/\/www.ilestunefois.com\/en\/snack-content\/","title":{"rendered":"Snack content"},"content":{"rendered":"","protected":false},"excerpt":{"rendered":"","protected":false},"author":2,"featured_media":4353,"parent":0,"menu_order":0,"comment_status":"closed","ping_status":"closed","template":"page-templates\/page_standard.php","meta":{"inline_featured_image":false,"footnotes":""},"class_list":["post-5269","page","type-page","status-publish","has-post-thumbnail","hentry"],"acf":[],"yoast_head":"<!-- This site is optimized with the Yoast SEO plugin v26.9 - https:\/\/yoast.com\/product\/yoast-seo-wordpress\/ -->\n<title>Le Snack Content: no shooting video<\/title>\n<meta name=\"description\" content=\"We produce short video content for companies. With videos in Snack content format, communicate more easily and quickly!\" \/>\n<meta name=\"robots\" content=\"index, follow, max-snippet:-1, max-image-preview:large, max-video-preview:-1\" \/>\n<link rel=\"canonical\" href=\"https:\/\/www.ilestunefois.com\/en\/snack-content\/\" \/>\n<meta property=\"og:locale\" content=\"en_US\" \/>\n<meta property=\"og:type\" content=\"article\" \/>\n<meta property=\"og:title\" content=\"Le Snack Content: no shooting video\" \/>\n<meta property=\"og:description\" content=\"We produce short video content for companies. With videos in Snack content format, communicate more easily and quickly!\" \/>\n<meta property=\"og:url\" content=\"https:\/\/www.ilestunefois.com\/en\/snack-content\/\" \/>\n<meta property=\"og:site_name\" content=\"Il est une fois\" \/>\n<meta property=\"article:publisher\" content=\"https:\/\/www.facebook.com\/ilestunefois\" \/>\n<meta property=\"article:modified_time\" content=\"2024-11-14T10:33:17+00:00\" \/>\n<meta property=\"og:image\" content=\"https:\/\/www.ilestunefois.com\/wp-content\/uploads\/2020\/07\/Capture-d\u2019e\u0301cran-2020-07-15-a\u0300-17.36.30.jpg\" \/>\n\t<meta property=\"og:image:width\" content=\"5109\" \/>\n\t<meta property=\"og:image:height\" content=\"2750\" \/>\n\t<meta property=\"og:image:type\" content=\"image\/jpeg\" \/>\n<meta name=\"twitter:card\" content=\"summary_large_image\" \/>\n<meta name=\"twitter:label1\" content=\"Est. reading time\" \/>\n\t<meta name=\"twitter:data1\" content=\"7 minutes\" \/>\n<script type=\"application\/ld+json\" class=\"yoast-schema-graph\">{\"@context\":\"https:\/\/schema.org\",\"@graph\":[{\"@type\":\"WebPage\",\"@id\":\"https:\/\/www.ilestunefois.com\/en\/snack-content\/\",\"url\":\"https:\/\/www.ilestunefois.com\/en\/snack-content\/\",\"name\":\"Le Snack Content: no shooting video\",\"isPartOf\":{\"@id\":\"https:\/\/www.ilestunefois.com\/#website\"},\"primaryImageOfPage\":{\"@id\":\"https:\/\/www.ilestunefois.com\/en\/snack-content\/#primaryimage\"},\"image\":{\"@id\":\"https:\/\/www.ilestunefois.com\/en\/snack-content\/#primaryimage\"},\"thumbnailUrl\":\"https:\/\/www.ilestunefois.com\/wp-content\/uploads\/2020\/07\/Capture-d\u2019e\u0301cran-2020-07-15-a\u0300-17.36.30.jpg\",\"datePublished\":\"2022-02-07T13:50:58+00:00\",\"dateModified\":\"2024-11-14T10:33:17+00:00\",\"description\":\"We produce short video content for companies. With videos in Snack content format, communicate more easily and quickly!\",\"breadcrumb\":{\"@id\":\"https:\/\/www.ilestunefois.com\/en\/snack-content\/#breadcrumb\"},\"inLanguage\":\"en-US\",\"potentialAction\":[{\"@type\":\"ReadAction\",\"target\":[\"https:\/\/www.ilestunefois.com\/en\/snack-content\/\"]}]},{\"@type\":\"ImageObject\",\"inLanguage\":\"en-US\",\"@id\":\"https:\/\/www.ilestunefois.com\/en\/snack-content\/#primaryimage\",\"url\":\"https:\/\/www.ilestunefois.com\/wp-content\/uploads\/2020\/07\/Capture-d\u2019e\u0301cran-2020-07-15-a\u0300-17.36.30.jpg\",\"contentUrl\":\"https:\/\/www.ilestunefois.com\/wp-content\/uploads\/2020\/07\/Capture-d\u2019e\u0301cran-2020-07-15-a\u0300-17.36.30.jpg\",\"width\":5109,\"height\":2750,\"caption\":\"No need of shooting with snack content\"},{\"@type\":\"BreadcrumbList\",\"@id\":\"https:\/\/www.ilestunefois.com\/en\/snack-content\/#breadcrumb\",\"itemListElement\":[{\"@type\":\"ListItem\",\"position\":1,\"name\":\"Accueil\",\"item\":\"https:\/\/www.ilestunefois.com\/en\/\"},{\"@type\":\"ListItem\",\"position\":2,\"name\":\"Snack content\"}]},{\"@type\":\"WebSite\",\"@id\":\"https:\/\/www.ilestunefois.com\/#website\",\"url\":\"https:\/\/www.ilestunefois.com\/\",\"name\":\"Il est une fois\",\"description\":\"Agence de production audiovisuelle\",\"publisher\":{\"@id\":\"https:\/\/www.ilestunefois.com\/#organization\"},\"potentialAction\":[{\"@type\":\"SearchAction\",\"target\":{\"@type\":\"EntryPoint\",\"urlTemplate\":\"https:\/\/www.ilestunefois.com\/?s={search_term_string}\"},\"query-input\":{\"@type\":\"PropertyValueSpecification\",\"valueRequired\":true,\"valueName\":\"search_term_string\"}}],\"inLanguage\":\"en-US\"},{\"@type\":\"Organization\",\"@id\":\"https:\/\/www.ilestunefois.com\/#organization\",\"name\":\"IL EST UNE FOIS - Soci\u00e9t\u00e9 de Production Audiovisuelle \u00e0 Paris\",\"url\":\"https:\/\/www.ilestunefois.com\/\",\"logo\":{\"@type\":\"ImageObject\",\"inLanguage\":\"en-US\",\"@id\":\"https:\/\/www.ilestunefois.com\/#\/schema\/logo\/image\/\",\"url\":\"https:\/\/www.ilestunefois.com\/wp-content\/uploads\/2020\/09\/Sans-titre-7.png\",\"contentUrl\":\"https:\/\/www.ilestunefois.com\/wp-content\/uploads\/2020\/09\/Sans-titre-7.png\",\"width\":512,\"height\":512,\"caption\":\"IL EST UNE FOIS - Soci\u00e9t\u00e9 de Production Audiovisuelle \u00e0 Paris\"},\"image\":{\"@id\":\"https:\/\/www.ilestunefois.com\/#\/schema\/logo\/image\/\"},\"sameAs\":[\"https:\/\/www.facebook.com\/ilestunefois\",\"https:\/\/www.instagram.com\/ilestunefoisproduction\/?hl=en\",\"https:\/\/www.youtube.com\/channel\/UCkD08Da4V6vS1q_BC6-oHrA\"]}]}<\/script>\n<!-- \/ Yoast SEO plugin. -->","yoast_head_json":{"title":"Le Snack Content: no shooting video","description":"We produce short video content for companies. With videos in Snack content format, communicate more easily and quickly!","robots":{"index":"index","follow":"follow","max-snippet":"max-snippet:-1","max-image-preview":"max-image-preview:large","max-video-preview":"max-video-preview:-1"},"canonical":"https:\/\/www.ilestunefois.com\/en\/snack-content\/","og_locale":"en_US","og_type":"article","og_title":"Le Snack Content: no shooting video","og_description":"We produce short video content for companies. With videos in Snack content format, communicate more easily and quickly!","og_url":"https:\/\/www.ilestunefois.com\/en\/snack-content\/","og_site_name":"Il est une fois","article_publisher":"https:\/\/www.facebook.com\/ilestunefois","article_modified_time":"2024-11-14T10:33:17+00:00","og_image":[{"width":5109,"height":2750,"url":"https:\/\/www.ilestunefois.com\/wp-content\/uploads\/2020\/07\/Capture-d\u2019e\u0301cran-2020-07-15-a\u0300-17.36.30.jpg","type":"image\/jpeg"}],"twitter_card":"summary_large_image","twitter_misc":{"Est. reading time":"7 minutes"},"schema":{"@context":"https:\/\/schema.org","@graph":[{"@type":"WebPage","@id":"https:\/\/www.ilestunefois.com\/en\/snack-content\/","url":"https:\/\/www.ilestunefois.com\/en\/snack-content\/","name":"Le Snack Content: no shooting video","isPartOf":{"@id":"https:\/\/www.ilestunefois.com\/#website"},"primaryImageOfPage":{"@id":"https:\/\/www.ilestunefois.com\/en\/snack-content\/#primaryimage"},"image":{"@id":"https:\/\/www.ilestunefois.com\/en\/snack-content\/#primaryimage"},"thumbnailUrl":"https:\/\/www.ilestunefois.com\/wp-content\/uploads\/2020\/07\/Capture-d\u2019e\u0301cran-2020-07-15-a\u0300-17.36.30.jpg","datePublished":"2022-02-07T13:50:58+00:00","dateModified":"2024-11-14T10:33:17+00:00","description":"We produce short video content for companies. With videos in Snack content format, communicate more easily and quickly!","breadcrumb":{"@id":"https:\/\/www.ilestunefois.com\/en\/snack-content\/#breadcrumb"},"inLanguage":"en-US","potentialAction":[{"@type":"ReadAction","target":["https:\/\/www.ilestunefois.com\/en\/snack-content\/"]}]},{"@type":"ImageObject","inLanguage":"en-US","@id":"https:\/\/www.ilestunefois.com\/en\/snack-content\/#primaryimage","url":"https:\/\/www.ilestunefois.com\/wp-content\/uploads\/2020\/07\/Capture-d\u2019e\u0301cran-2020-07-15-a\u0300-17.36.30.jpg","contentUrl":"https:\/\/www.ilestunefois.com\/wp-content\/uploads\/2020\/07\/Capture-d\u2019e\u0301cran-2020-07-15-a\u0300-17.36.30.jpg","width":5109,"height":2750,"caption":"No need of shooting with snack content"},{"@type":"BreadcrumbList","@id":"https:\/\/www.ilestunefois.com\/en\/snack-content\/#breadcrumb","itemListElement":[{"@type":"ListItem","position":1,"name":"Accueil","item":"https:\/\/www.ilestunefois.com\/en\/"},{"@type":"ListItem","position":2,"name":"Snack content"}]},{"@type":"WebSite","@id":"https:\/\/www.ilestunefois.com\/#website","url":"https:\/\/www.ilestunefois.com\/","name":"Il est une fois","description":"Agence de production audiovisuelle","publisher":{"@id":"https:\/\/www.ilestunefois.com\/#organization"},"potentialAction":[{"@type":"SearchAction","target":{"@type":"EntryPoint","urlTemplate":"https:\/\/www.ilestunefois.com\/?s={search_term_string}"},"query-input":{"@type":"PropertyValueSpecification","valueRequired":true,"valueName":"search_term_string"}}],"inLanguage":"en-US"},{"@type":"Organization","@id":"https:\/\/www.ilestunefois.com\/#organization","name":"IL EST UNE FOIS - Soci\u00e9t\u00e9 de Production Audiovisuelle \u00e0 Paris","url":"https:\/\/www.ilestunefois.com\/","logo":{"@type":"ImageObject","inLanguage":"en-US","@id":"https:\/\/www.ilestunefois.com\/#\/schema\/logo\/image\/","url":"https:\/\/www.ilestunefois.com\/wp-content\/uploads\/2020\/09\/Sans-titre-7.png","contentUrl":"https:\/\/www.ilestunefois.com\/wp-content\/uploads\/2020\/09\/Sans-titre-7.png","width":512,"height":512,"caption":"IL EST UNE FOIS - Soci\u00e9t\u00e9 de Production Audiovisuelle \u00e0 Paris"},"image":{"@id":"https:\/\/www.ilestunefois.com\/#\/schema\/logo\/image\/"},"sameAs":["https:\/\/www.facebook.com\/ilestunefois","https:\/\/www.instagram.com\/ilestunefoisproduction\/?hl=en","https:\/\/www.youtube.com\/channel\/UCkD08Da4V6vS1q_BC6-oHrA"]}]}},"_links":{"self":[{"href":"https:\/\/www.ilestunefois.com\/en\/wp-json\/wp\/v2\/pages\/5269","targetHints":{"allow":["GET"]}}],"collection":[{"href":"https:\/\/www.ilestunefois.com\/en\/wp-json\/wp\/v2\/pages"}],"about":[{"href":"https:\/\/www.ilestunefois.com\/en\/wp-json\/wp\/v2\/types\/page"}],"author":[{"embeddable":true,"href":"https:\/\/www.ilestunefois.com\/en\/wp-json\/wp\/v2\/users\/2"}],"replies":[{"embeddable":true,"href":"https:\/\/www.ilestunefois.com\/en\/wp-json\/wp\/v2\/comments?post=5269"}],"version-history":[{"count":6,"href":"https:\/\/www.ilestunefois.com\/en\/wp-json\/wp\/v2\/pages\/5269\/revisions"}],"predecessor-version":[{"id":10955,"href":"https:\/\/www.ilestunefois.com\/en\/wp-json\/wp\/v2\/pages\/5269\/revisions\/10955"}],"wp:featuredmedia":[{"embeddable":true,"href":"https:\/\/www.ilestunefois.com\/en\/wp-json\/wp\/v2\/media\/4353"}],"wp:attachment":[{"href":"https:\/\/www.ilestunefois.com\/en\/wp-json\/wp\/v2\/media?parent=5269"}],"curies":[{"name":"wp","href":"https:\/\/api.w.org\/{rel}","templated":true}]}}