{"id":5248,"date":"2022-02-07T11:43:34","date_gmt":"2022-02-07T10:43:34","guid":{"rendered":"https:\/\/www.ilestunefois.com\/motion-design\/"},"modified":"2024-11-14T10:55:23","modified_gmt":"2024-11-14T09:55:23","slug":"motion-design","status":"publish","type":"page","link":"https:\/\/www.ilestunefois.com\/en\/motion-design\/","title":{"rendered":"Motion-design"},"content":{"rendered":"","protected":false},"excerpt":{"rendered":"","protected":false},"author":2,"featured_media":4354,"parent":0,"menu_order":0,"comment_status":"closed","ping_status":"closed","template":"page-templates\/page_standard.php","meta":{"inline_featured_image":false,"footnotes":""},"class_list":["post-5248","page","type-page","status-publish","has-post-thumbnail","hentry"],"acf":[],"yoast_head":"<!-- This site is optimized with the Yoast SEO plugin v26.9 - https:\/\/yoast.com\/product\/yoast-seo-wordpress\/ -->\n<title>We make videos in Motion Design<\/title>\n<meta name=\"description\" content=\"Make your video content more qualitative and unique with motion design. The animated film will capture the attention of your viewer.\" \/>\n<meta name=\"robots\" content=\"index, follow, max-snippet:-1, max-image-preview:large, max-video-preview:-1\" \/>\n<link rel=\"canonical\" href=\"https:\/\/www.ilestunefois.com\/en\/motion-design\/\" \/>\n<meta property=\"og:locale\" content=\"en_US\" \/>\n<meta property=\"og:type\" content=\"article\" \/>\n<meta property=\"og:title\" content=\"We make videos in Motion Design\" \/>\n<meta property=\"og:description\" content=\"Make your video content more qualitative and unique with motion design. The animated film will capture the attention of your viewer.\" \/>\n<meta property=\"og:url\" content=\"https:\/\/www.ilestunefois.com\/en\/motion-design\/\" \/>\n<meta property=\"og:site_name\" content=\"Il est une fois\" \/>\n<meta property=\"article:publisher\" content=\"https:\/\/www.facebook.com\/ilestunefois\" \/>\n<meta property=\"article:modified_time\" content=\"2024-11-14T09:55:23+00:00\" \/>\n<meta property=\"og:image\" content=\"https:\/\/www.ilestunefois.com\/wp-content\/uploads\/2020\/07\/Sans-titre-1-1024x576.gif\" \/>\n\t<meta property=\"og:image:width\" content=\"1024\" \/>\n\t<meta property=\"og:image:height\" content=\"576\" \/>\n\t<meta property=\"og:image:type\" content=\"image\/gif\" \/>\n<meta name=\"twitter:card\" content=\"summary_large_image\" \/>\n<meta name=\"twitter:label1\" content=\"Est. reading time\" \/>\n\t<meta name=\"twitter:data1\" content=\"7 minutes\" \/>\n<script type=\"application\/ld+json\" class=\"yoast-schema-graph\">{\"@context\":\"https:\/\/schema.org\",\"@graph\":[{\"@type\":\"WebPage\",\"@id\":\"https:\/\/www.ilestunefois.com\/en\/motion-design\/\",\"url\":\"https:\/\/www.ilestunefois.com\/en\/motion-design\/\",\"name\":\"We make videos in Motion Design\",\"isPartOf\":{\"@id\":\"https:\/\/www.ilestunefois.com\/#website\"},\"primaryImageOfPage\":{\"@id\":\"https:\/\/www.ilestunefois.com\/en\/motion-design\/#primaryimage\"},\"image\":{\"@id\":\"https:\/\/www.ilestunefois.com\/en\/motion-design\/#primaryimage\"},\"thumbnailUrl\":\"https:\/\/www.ilestunefois.com\/wp-content\/uploads\/2020\/07\/Sans-titre-1-e1635506805959.gif\",\"datePublished\":\"2022-02-07T10:43:34+00:00\",\"dateModified\":\"2024-11-14T09:55:23+00:00\",\"description\":\"Make your video content more qualitative and unique with motion design. The animated film will capture the attention of your viewer.\",\"breadcrumb\":{\"@id\":\"https:\/\/www.ilestunefois.com\/en\/motion-design\/#breadcrumb\"},\"inLanguage\":\"en-US\",\"potentialAction\":[{\"@type\":\"ReadAction\",\"target\":[\"https:\/\/www.ilestunefois.com\/en\/motion-design\/\"]}]},{\"@type\":\"ImageObject\",\"inLanguage\":\"en-US\",\"@id\":\"https:\/\/www.ilestunefois.com\/en\/motion-design\/#primaryimage\",\"url\":\"https:\/\/www.ilestunefois.com\/wp-content\/uploads\/2020\/07\/Sans-titre-1-e1635506805959.gif\",\"contentUrl\":\"https:\/\/www.ilestunefois.com\/wp-content\/uploads\/2020\/07\/Sans-titre-1-e1635506805959.gif\",\"width\":1022,\"height\":575,\"caption\":\"example of an animation in Motion design\"},{\"@type\":\"BreadcrumbList\",\"@id\":\"https:\/\/www.ilestunefois.com\/en\/motion-design\/#breadcrumb\",\"itemListElement\":[{\"@type\":\"ListItem\",\"position\":1,\"name\":\"Accueil\",\"item\":\"https:\/\/www.ilestunefois.com\/en\/\"},{\"@type\":\"ListItem\",\"position\":2,\"name\":\"Motion-design\"}]},{\"@type\":\"WebSite\",\"@id\":\"https:\/\/www.ilestunefois.com\/#website\",\"url\":\"https:\/\/www.ilestunefois.com\/\",\"name\":\"Il est une fois\",\"description\":\"Agence de production audiovisuelle\",\"publisher\":{\"@id\":\"https:\/\/www.ilestunefois.com\/#organization\"},\"potentialAction\":[{\"@type\":\"SearchAction\",\"target\":{\"@type\":\"EntryPoint\",\"urlTemplate\":\"https:\/\/www.ilestunefois.com\/?s={search_term_string}\"},\"query-input\":{\"@type\":\"PropertyValueSpecification\",\"valueRequired\":true,\"valueName\":\"search_term_string\"}}],\"inLanguage\":\"en-US\"},{\"@type\":\"Organization\",\"@id\":\"https:\/\/www.ilestunefois.com\/#organization\",\"name\":\"IL EST UNE FOIS - Soci\u00e9t\u00e9 de Production Audiovisuelle \u00e0 Paris\",\"url\":\"https:\/\/www.ilestunefois.com\/\",\"logo\":{\"@type\":\"ImageObject\",\"inLanguage\":\"en-US\",\"@id\":\"https:\/\/www.ilestunefois.com\/#\/schema\/logo\/image\/\",\"url\":\"https:\/\/www.ilestunefois.com\/wp-content\/uploads\/2020\/09\/Sans-titre-7.png\",\"contentUrl\":\"https:\/\/www.ilestunefois.com\/wp-content\/uploads\/2020\/09\/Sans-titre-7.png\",\"width\":512,\"height\":512,\"caption\":\"IL EST UNE FOIS - Soci\u00e9t\u00e9 de Production Audiovisuelle \u00e0 Paris\"},\"image\":{\"@id\":\"https:\/\/www.ilestunefois.com\/#\/schema\/logo\/image\/\"},\"sameAs\":[\"https:\/\/www.facebook.com\/ilestunefois\",\"https:\/\/www.instagram.com\/ilestunefoisproduction\/?hl=en\",\"https:\/\/www.youtube.com\/channel\/UCkD08Da4V6vS1q_BC6-oHrA\"]}]}<\/script>\n<!-- \/ Yoast SEO plugin. -->","yoast_head_json":{"title":"We make videos in Motion Design","description":"Make your video content more qualitative and unique with motion design. The animated film will capture the attention of your viewer.","robots":{"index":"index","follow":"follow","max-snippet":"max-snippet:-1","max-image-preview":"max-image-preview:large","max-video-preview":"max-video-preview:-1"},"canonical":"https:\/\/www.ilestunefois.com\/en\/motion-design\/","og_locale":"en_US","og_type":"article","og_title":"We make videos in Motion Design","og_description":"Make your video content more qualitative and unique with motion design. The animated film will capture the attention of your viewer.","og_url":"https:\/\/www.ilestunefois.com\/en\/motion-design\/","og_site_name":"Il est une fois","article_publisher":"https:\/\/www.facebook.com\/ilestunefois","article_modified_time":"2024-11-14T09:55:23+00:00","og_image":[{"width":1024,"height":576,"url":"https:\/\/www.ilestunefois.com\/wp-content\/uploads\/2020\/07\/Sans-titre-1-1024x576.gif","type":"image\/gif"}],"twitter_card":"summary_large_image","twitter_misc":{"Est. reading time":"7 minutes"},"schema":{"@context":"https:\/\/schema.org","@graph":[{"@type":"WebPage","@id":"https:\/\/www.ilestunefois.com\/en\/motion-design\/","url":"https:\/\/www.ilestunefois.com\/en\/motion-design\/","name":"We make videos in Motion Design","isPartOf":{"@id":"https:\/\/www.ilestunefois.com\/#website"},"primaryImageOfPage":{"@id":"https:\/\/www.ilestunefois.com\/en\/motion-design\/#primaryimage"},"image":{"@id":"https:\/\/www.ilestunefois.com\/en\/motion-design\/#primaryimage"},"thumbnailUrl":"https:\/\/www.ilestunefois.com\/wp-content\/uploads\/2020\/07\/Sans-titre-1-e1635506805959.gif","datePublished":"2022-02-07T10:43:34+00:00","dateModified":"2024-11-14T09:55:23+00:00","description":"Make your video content more qualitative and unique with motion design. The animated film will capture the attention of your viewer.","breadcrumb":{"@id":"https:\/\/www.ilestunefois.com\/en\/motion-design\/#breadcrumb"},"inLanguage":"en-US","potentialAction":[{"@type":"ReadAction","target":["https:\/\/www.ilestunefois.com\/en\/motion-design\/"]}]},{"@type":"ImageObject","inLanguage":"en-US","@id":"https:\/\/www.ilestunefois.com\/en\/motion-design\/#primaryimage","url":"https:\/\/www.ilestunefois.com\/wp-content\/uploads\/2020\/07\/Sans-titre-1-e1635506805959.gif","contentUrl":"https:\/\/www.ilestunefois.com\/wp-content\/uploads\/2020\/07\/Sans-titre-1-e1635506805959.gif","width":1022,"height":575,"caption":"example of an animation in Motion design"},{"@type":"BreadcrumbList","@id":"https:\/\/www.ilestunefois.com\/en\/motion-design\/#breadcrumb","itemListElement":[{"@type":"ListItem","position":1,"name":"Accueil","item":"https:\/\/www.ilestunefois.com\/en\/"},{"@type":"ListItem","position":2,"name":"Motion-design"}]},{"@type":"WebSite","@id":"https:\/\/www.ilestunefois.com\/#website","url":"https:\/\/www.ilestunefois.com\/","name":"Il est une fois","description":"Agence de production audiovisuelle","publisher":{"@id":"https:\/\/www.ilestunefois.com\/#organization"},"potentialAction":[{"@type":"SearchAction","target":{"@type":"EntryPoint","urlTemplate":"https:\/\/www.ilestunefois.com\/?s={search_term_string}"},"query-input":{"@type":"PropertyValueSpecification","valueRequired":true,"valueName":"search_term_string"}}],"inLanguage":"en-US"},{"@type":"Organization","@id":"https:\/\/www.ilestunefois.com\/#organization","name":"IL EST UNE FOIS - Soci\u00e9t\u00e9 de Production Audiovisuelle \u00e0 Paris","url":"https:\/\/www.ilestunefois.com\/","logo":{"@type":"ImageObject","inLanguage":"en-US","@id":"https:\/\/www.ilestunefois.com\/#\/schema\/logo\/image\/","url":"https:\/\/www.ilestunefois.com\/wp-content\/uploads\/2020\/09\/Sans-titre-7.png","contentUrl":"https:\/\/www.ilestunefois.com\/wp-content\/uploads\/2020\/09\/Sans-titre-7.png","width":512,"height":512,"caption":"IL EST UNE FOIS - Soci\u00e9t\u00e9 de Production Audiovisuelle \u00e0 Paris"},"image":{"@id":"https:\/\/www.ilestunefois.com\/#\/schema\/logo\/image\/"},"sameAs":["https:\/\/www.facebook.com\/ilestunefois","https:\/\/www.instagram.com\/ilestunefoisproduction\/?hl=en","https:\/\/www.youtube.com\/channel\/UCkD08Da4V6vS1q_BC6-oHrA"]}]}},"_links":{"self":[{"href":"https:\/\/www.ilestunefois.com\/en\/wp-json\/wp\/v2\/pages\/5248","targetHints":{"allow":["GET"]}}],"collection":[{"href":"https:\/\/www.ilestunefois.com\/en\/wp-json\/wp\/v2\/pages"}],"about":[{"href":"https:\/\/www.ilestunefois.com\/en\/wp-json\/wp\/v2\/types\/page"}],"author":[{"embeddable":true,"href":"https:\/\/www.ilestunefois.com\/en\/wp-json\/wp\/v2\/users\/2"}],"replies":[{"embeddable":true,"href":"https:\/\/www.ilestunefois.com\/en\/wp-json\/wp\/v2\/comments?post=5248"}],"version-history":[{"count":14,"href":"https:\/\/www.ilestunefois.com\/en\/wp-json\/wp\/v2\/pages\/5248\/revisions"}],"predecessor-version":[{"id":10932,"href":"https:\/\/www.ilestunefois.com\/en\/wp-json\/wp\/v2\/pages\/5248\/revisions\/10932"}],"wp:featuredmedia":[{"embeddable":true,"href":"https:\/\/www.ilestunefois.com\/en\/wp-json\/wp\/v2\/media\/4354"}],"wp:attachment":[{"href":"https:\/\/www.ilestunefois.com\/en\/wp-json\/wp\/v2\/media?parent=5248"}],"curies":[{"name":"wp","href":"https:\/\/api.w.org\/{rel}","templated":true}]}}