{"id":5160,"date":"2022-02-02T16:13:21","date_gmt":"2022-02-02T15:13:21","guid":{"rendered":"https:\/\/www.ilestunefois.com\/contact\/"},"modified":"2024-11-18T11:52:29","modified_gmt":"2024-11-18T10:52:29","slug":"contact","status":"publish","type":"page","link":"https:\/\/www.ilestunefois.com\/en\/contact\/","title":{"rendered":"Your quotation"},"content":{"rendered":"","protected":false},"excerpt":{"rendered":"","protected":false},"author":1,"featured_media":0,"parent":0,"menu_order":0,"comment_status":"closed","ping_status":"closed","template":"page-templates\/contact.php","meta":{"inline_featured_image":false,"footnotes":""},"class_list":["post-5160","page","type-page","status-publish","hentry"],"acf":[],"yoast_head":"<!-- This site is optimized with the Yoast SEO plugin v26.9 - https:\/\/yoast.com\/product\/yoast-seo-wordpress\/ -->\n<title>Your quotation - Il est une fois<\/title>\n<meta name=\"description\" content=\"Free project study, contact us for more information\" \/>\n<meta name=\"robots\" content=\"noindex, nofollow\" \/>\n<meta property=\"og:locale\" content=\"en_US\" \/>\n<meta property=\"og:type\" content=\"article\" \/>\n<meta property=\"og:title\" content=\"Your quotation - Il est une fois\" \/>\n<meta property=\"og:description\" content=\"Free project study, contact us for more information\" \/>\n<meta property=\"og:url\" content=\"https:\/\/www.ilestunefois.com\/en\/contact\/\" \/>\n<meta property=\"og:site_name\" content=\"Il est une fois\" \/>\n<meta property=\"article:publisher\" content=\"https:\/\/www.facebook.com\/ilestunefois\" \/>\n<meta property=\"article:modified_time\" content=\"2024-11-18T10:52:29+00:00\" \/>\n<meta name=\"twitter:card\" content=\"summary_large_image\" \/>\n<script type=\"application\/ld+json\" class=\"yoast-schema-graph\">{\"@context\":\"https:\/\/schema.org\",\"@graph\":[{\"@type\":\"WebPage\",\"@id\":\"https:\/\/www.ilestunefois.com\/en\/contact\/\",\"url\":\"https:\/\/www.ilestunefois.com\/en\/contact\/\",\"name\":\"Your quotation - Il est une fois\",\"isPartOf\":{\"@id\":\"https:\/\/www.ilestunefois.com\/#website\"},\"datePublished\":\"2022-02-02T15:13:21+00:00\",\"dateModified\":\"2024-11-18T10:52:29+00:00\",\"description\":\"Free project study, contact us for more information\",\"breadcrumb\":{\"@id\":\"https:\/\/www.ilestunefois.com\/en\/contact\/#breadcrumb\"},\"inLanguage\":\"en-US\",\"potentialAction\":[{\"@type\":\"ReadAction\",\"target\":[\"https:\/\/www.ilestunefois.com\/en\/contact\/\"]}]},{\"@type\":\"BreadcrumbList\",\"@id\":\"https:\/\/www.ilestunefois.com\/en\/contact\/#breadcrumb\",\"itemListElement\":[{\"@type\":\"ListItem\",\"position\":1,\"name\":\"Accueil\",\"item\":\"https:\/\/www.ilestunefois.com\/en\/\"},{\"@type\":\"ListItem\",\"position\":2,\"name\":\"Your quotation\"}]},{\"@type\":\"WebSite\",\"@id\":\"https:\/\/www.ilestunefois.com\/#website\",\"url\":\"https:\/\/www.ilestunefois.com\/\",\"name\":\"Il est une fois\",\"description\":\"Agence de production audiovisuelle\",\"publisher\":{\"@id\":\"https:\/\/www.ilestunefois.com\/#organization\"},\"potentialAction\":[{\"@type\":\"SearchAction\",\"target\":{\"@type\":\"EntryPoint\",\"urlTemplate\":\"https:\/\/www.ilestunefois.com\/?s={search_term_string}\"},\"query-input\":{\"@type\":\"PropertyValueSpecification\",\"valueRequired\":true,\"valueName\":\"search_term_string\"}}],\"inLanguage\":\"en-US\"},{\"@type\":\"Organization\",\"@id\":\"https:\/\/www.ilestunefois.com\/#organization\",\"name\":\"IL EST UNE FOIS - Soci\u00e9t\u00e9 de Production Audiovisuelle \u00e0 Paris\",\"url\":\"https:\/\/www.ilestunefois.com\/\",\"logo\":{\"@type\":\"ImageObject\",\"inLanguage\":\"en-US\",\"@id\":\"https:\/\/www.ilestunefois.com\/#\/schema\/logo\/image\/\",\"url\":\"https:\/\/www.ilestunefois.com\/wp-content\/uploads\/2020\/09\/Sans-titre-7.png\",\"contentUrl\":\"https:\/\/www.ilestunefois.com\/wp-content\/uploads\/2020\/09\/Sans-titre-7.png\",\"width\":512,\"height\":512,\"caption\":\"IL EST UNE FOIS - Soci\u00e9t\u00e9 de Production Audiovisuelle \u00e0 Paris\"},\"image\":{\"@id\":\"https:\/\/www.ilestunefois.com\/#\/schema\/logo\/image\/\"},\"sameAs\":[\"https:\/\/www.facebook.com\/ilestunefois\",\"https:\/\/www.instagram.com\/ilestunefoisproduction\/?hl=en\",\"https:\/\/www.youtube.com\/channel\/UCkD08Da4V6vS1q_BC6-oHrA\"]}]}<\/script>\n<!-- \/ Yoast SEO plugin. -->","yoast_head_json":{"title":"Your quotation - Il est une fois","description":"Free project study, contact us for more information","robots":{"index":"noindex","follow":"nofollow"},"og_locale":"en_US","og_type":"article","og_title":"Your quotation - Il est une fois","og_description":"Free project study, contact us for more information","og_url":"https:\/\/www.ilestunefois.com\/en\/contact\/","og_site_name":"Il est une fois","article_publisher":"https:\/\/www.facebook.com\/ilestunefois","article_modified_time":"2024-11-18T10:52:29+00:00","twitter_card":"summary_large_image","schema":{"@context":"https:\/\/schema.org","@graph":[{"@type":"WebPage","@id":"https:\/\/www.ilestunefois.com\/en\/contact\/","url":"https:\/\/www.ilestunefois.com\/en\/contact\/","name":"Your quotation - Il est une fois","isPartOf":{"@id":"https:\/\/www.ilestunefois.com\/#website"},"datePublished":"2022-02-02T15:13:21+00:00","dateModified":"2024-11-18T10:52:29+00:00","description":"Free project study, contact us for more information","breadcrumb":{"@id":"https:\/\/www.ilestunefois.com\/en\/contact\/#breadcrumb"},"inLanguage":"en-US","potentialAction":[{"@type":"ReadAction","target":["https:\/\/www.ilestunefois.com\/en\/contact\/"]}]},{"@type":"BreadcrumbList","@id":"https:\/\/www.ilestunefois.com\/en\/contact\/#breadcrumb","itemListElement":[{"@type":"ListItem","position":1,"name":"Accueil","item":"https:\/\/www.ilestunefois.com\/en\/"},{"@type":"ListItem","position":2,"name":"Your quotation"}]},{"@type":"WebSite","@id":"https:\/\/www.ilestunefois.com\/#website","url":"https:\/\/www.ilestunefois.com\/","name":"Il est une fois","description":"Agence de production audiovisuelle","publisher":{"@id":"https:\/\/www.ilestunefois.com\/#organization"},"potentialAction":[{"@type":"SearchAction","target":{"@type":"EntryPoint","urlTemplate":"https:\/\/www.ilestunefois.com\/?s={search_term_string}"},"query-input":{"@type":"PropertyValueSpecification","valueRequired":true,"valueName":"search_term_string"}}],"inLanguage":"en-US"},{"@type":"Organization","@id":"https:\/\/www.ilestunefois.com\/#organization","name":"IL EST UNE FOIS - Soci\u00e9t\u00e9 de Production Audiovisuelle \u00e0 Paris","url":"https:\/\/www.ilestunefois.com\/","logo":{"@type":"ImageObject","inLanguage":"en-US","@id":"https:\/\/www.ilestunefois.com\/#\/schema\/logo\/image\/","url":"https:\/\/www.ilestunefois.com\/wp-content\/uploads\/2020\/09\/Sans-titre-7.png","contentUrl":"https:\/\/www.ilestunefois.com\/wp-content\/uploads\/2020\/09\/Sans-titre-7.png","width":512,"height":512,"caption":"IL EST UNE FOIS - Soci\u00e9t\u00e9 de Production Audiovisuelle \u00e0 Paris"},"image":{"@id":"https:\/\/www.ilestunefois.com\/#\/schema\/logo\/image\/"},"sameAs":["https:\/\/www.facebook.com\/ilestunefois","https:\/\/www.instagram.com\/ilestunefoisproduction\/?hl=en","https:\/\/www.youtube.com\/channel\/UCkD08Da4V6vS1q_BC6-oHrA"]}]}},"_links":{"self":[{"href":"https:\/\/www.ilestunefois.com\/en\/wp-json\/wp\/v2\/pages\/5160","targetHints":{"allow":["GET"]}}],"collection":[{"href":"https:\/\/www.ilestunefois.com\/en\/wp-json\/wp\/v2\/pages"}],"about":[{"href":"https:\/\/www.ilestunefois.com\/en\/wp-json\/wp\/v2\/types\/page"}],"author":[{"embeddable":true,"href":"https:\/\/www.ilestunefois.com\/en\/wp-json\/wp\/v2\/users\/1"}],"replies":[{"embeddable":true,"href":"https:\/\/www.ilestunefois.com\/en\/wp-json\/wp\/v2\/comments?post=5160"}],"version-history":[{"count":2,"href":"https:\/\/www.ilestunefois.com\/en\/wp-json\/wp\/v2\/pages\/5160\/revisions"}],"predecessor-version":[{"id":10908,"href":"https:\/\/www.ilestunefois.com\/en\/wp-json\/wp\/v2\/pages\/5160\/revisions\/10908"}],"wp:attachment":[{"href":"https:\/\/www.ilestunefois.com\/en\/wp-json\/wp\/v2\/media?parent=5160"}],"curies":[{"name":"wp","href":"https:\/\/api.w.org\/{rel}","templated":true}]}}