{"id":10727,"date":"2024-08-10T10:59:10","date_gmt":"2024-08-10T08:59:10","guid":{"rendered":"https:\/\/www.ilestunefois.com\/audiovisual-production-company-in-nice\/"},"modified":"2024-11-13T15:40:39","modified_gmt":"2024-11-13T14:40:39","slug":"audiovisual-production-company-in-nice","status":"publish","type":"page","link":"https:\/\/www.ilestunefois.com\/en\/audiovisual-production-company-in-nice\/","title":{"rendered":"Audiovisual production company in Nice"},"content":{"rendered":"","protected":false},"excerpt":{"rendered":"","protected":false},"author":1,"featured_media":0,"parent":0,"menu_order":0,"comment_status":"closed","ping_status":"closed","template":"page-templates\/newtemplate.php","meta":{"inline_featured_image":false,"footnotes":""},"class_list":["post-10727","page","type-page","status-publish","hentry"],"acf":[],"yoast_head":"<!-- This site is optimized with the Yoast SEO plugin v26.9 - https:\/\/yoast.com\/product\/yoast-seo-wordpress\/ -->\n<title>Boite de production audiovisuelle Nice : video and audio services | IL EST UNE FOIS<\/title>\n<meta name=\"description\" content=\"Are you looking for an audiovisual production company in Nice? Discover the services and advantages of our video and audio production company!\" \/>\n<meta name=\"robots\" content=\"index, follow, max-snippet:-1, max-image-preview:large, max-video-preview:-1\" \/>\n<link rel=\"canonical\" href=\"https:\/\/www.ilestunefois.com\/en\/audiovisual-production-company-in-nice\/\" \/>\n<meta property=\"og:locale\" content=\"en_US\" \/>\n<meta property=\"og:type\" content=\"article\" \/>\n<meta property=\"og:title\" content=\"Boite de production audiovisuelle Nice : video and audio services | IL EST UNE FOIS\" \/>\n<meta property=\"og:description\" content=\"Are you looking for an audiovisual production company in Nice? Discover the services and advantages of our video and audio production company!\" \/>\n<meta property=\"og:url\" content=\"https:\/\/www.ilestunefois.com\/en\/audiovisual-production-company-in-nice\/\" \/>\n<meta property=\"og:site_name\" content=\"Il est une fois\" \/>\n<meta property=\"article:publisher\" content=\"https:\/\/www.facebook.com\/ilestunefois\" \/>\n<meta property=\"article:modified_time\" content=\"2024-11-13T14:40:39+00:00\" \/>\n<meta name=\"twitter:card\" content=\"summary_large_image\" \/>\n<meta name=\"twitter:label1\" content=\"Est. reading time\" \/>\n\t<meta name=\"twitter:data1\" content=\"13 minutes\" \/>\n<script type=\"application\/ld+json\" class=\"yoast-schema-graph\">{\"@context\":\"https:\/\/schema.org\",\"@graph\":[{\"@type\":\"WebPage\",\"@id\":\"https:\/\/www.ilestunefois.com\/en\/audiovisual-production-company-in-nice\/\",\"url\":\"https:\/\/www.ilestunefois.com\/en\/audiovisual-production-company-in-nice\/\",\"name\":\"Boite de production audiovisuelle Nice : video and audio services | IL EST UNE FOIS\",\"isPartOf\":{\"@id\":\"https:\/\/www.ilestunefois.com\/#website\"},\"datePublished\":\"2024-08-10T08:59:10+00:00\",\"dateModified\":\"2024-11-13T14:40:39+00:00\",\"description\":\"Are you looking for an audiovisual production company in Nice? Discover the services and advantages of our video and audio production company!\",\"breadcrumb\":{\"@id\":\"https:\/\/www.ilestunefois.com\/en\/audiovisual-production-company-in-nice\/#breadcrumb\"},\"inLanguage\":\"en-US\",\"potentialAction\":[{\"@type\":\"ReadAction\",\"target\":[\"https:\/\/www.ilestunefois.com\/en\/audiovisual-production-company-in-nice\/\"]}]},{\"@type\":\"BreadcrumbList\",\"@id\":\"https:\/\/www.ilestunefois.com\/en\/audiovisual-production-company-in-nice\/#breadcrumb\",\"itemListElement\":[{\"@type\":\"ListItem\",\"position\":1,\"name\":\"Accueil\",\"item\":\"https:\/\/www.ilestunefois.com\/en\/\"},{\"@type\":\"ListItem\",\"position\":2,\"name\":\"Audiovisual production company in Nice\"}]},{\"@type\":\"WebSite\",\"@id\":\"https:\/\/www.ilestunefois.com\/#website\",\"url\":\"https:\/\/www.ilestunefois.com\/\",\"name\":\"Il est une fois\",\"description\":\"Agence de production audiovisuelle\",\"publisher\":{\"@id\":\"https:\/\/www.ilestunefois.com\/#organization\"},\"potentialAction\":[{\"@type\":\"SearchAction\",\"target\":{\"@type\":\"EntryPoint\",\"urlTemplate\":\"https:\/\/www.ilestunefois.com\/?s={search_term_string}\"},\"query-input\":{\"@type\":\"PropertyValueSpecification\",\"valueRequired\":true,\"valueName\":\"search_term_string\"}}],\"inLanguage\":\"en-US\"},{\"@type\":\"Organization\",\"@id\":\"https:\/\/www.ilestunefois.com\/#organization\",\"name\":\"IL EST UNE FOIS - Soci\u00e9t\u00e9 de Production Audiovisuelle \u00e0 Paris\",\"url\":\"https:\/\/www.ilestunefois.com\/\",\"logo\":{\"@type\":\"ImageObject\",\"inLanguage\":\"en-US\",\"@id\":\"https:\/\/www.ilestunefois.com\/#\/schema\/logo\/image\/\",\"url\":\"https:\/\/www.ilestunefois.com\/wp-content\/uploads\/2020\/09\/Sans-titre-7.png\",\"contentUrl\":\"https:\/\/www.ilestunefois.com\/wp-content\/uploads\/2020\/09\/Sans-titre-7.png\",\"width\":512,\"height\":512,\"caption\":\"IL EST UNE FOIS - Soci\u00e9t\u00e9 de Production Audiovisuelle \u00e0 Paris\"},\"image\":{\"@id\":\"https:\/\/www.ilestunefois.com\/#\/schema\/logo\/image\/\"},\"sameAs\":[\"https:\/\/www.facebook.com\/ilestunefois\",\"https:\/\/www.instagram.com\/ilestunefoisproduction\/?hl=en\",\"https:\/\/www.youtube.com\/channel\/UCkD08Da4V6vS1q_BC6-oHrA\"]}]}<\/script>\n<!-- \/ Yoast SEO plugin. -->","yoast_head_json":{"title":"Boite de production audiovisuelle Nice : video and audio services | IL EST UNE FOIS","description":"Are you looking for an audiovisual production company in Nice? Discover the services and advantages of our video and audio production company!","robots":{"index":"index","follow":"follow","max-snippet":"max-snippet:-1","max-image-preview":"max-image-preview:large","max-video-preview":"max-video-preview:-1"},"canonical":"https:\/\/www.ilestunefois.com\/en\/audiovisual-production-company-in-nice\/","og_locale":"en_US","og_type":"article","og_title":"Boite de production audiovisuelle Nice : video and audio services | IL EST UNE FOIS","og_description":"Are you looking for an audiovisual production company in Nice? Discover the services and advantages of our video and audio production company!","og_url":"https:\/\/www.ilestunefois.com\/en\/audiovisual-production-company-in-nice\/","og_site_name":"Il est une fois","article_publisher":"https:\/\/www.facebook.com\/ilestunefois","article_modified_time":"2024-11-13T14:40:39+00:00","twitter_card":"summary_large_image","twitter_misc":{"Est. reading time":"13 minutes"},"schema":{"@context":"https:\/\/schema.org","@graph":[{"@type":"WebPage","@id":"https:\/\/www.ilestunefois.com\/en\/audiovisual-production-company-in-nice\/","url":"https:\/\/www.ilestunefois.com\/en\/audiovisual-production-company-in-nice\/","name":"Boite de production audiovisuelle Nice : video and audio services | IL EST UNE FOIS","isPartOf":{"@id":"https:\/\/www.ilestunefois.com\/#website"},"datePublished":"2024-08-10T08:59:10+00:00","dateModified":"2024-11-13T14:40:39+00:00","description":"Are you looking for an audiovisual production company in Nice? Discover the services and advantages of our video and audio production company!","breadcrumb":{"@id":"https:\/\/www.ilestunefois.com\/en\/audiovisual-production-company-in-nice\/#breadcrumb"},"inLanguage":"en-US","potentialAction":[{"@type":"ReadAction","target":["https:\/\/www.ilestunefois.com\/en\/audiovisual-production-company-in-nice\/"]}]},{"@type":"BreadcrumbList","@id":"https:\/\/www.ilestunefois.com\/en\/audiovisual-production-company-in-nice\/#breadcrumb","itemListElement":[{"@type":"ListItem","position":1,"name":"Accueil","item":"https:\/\/www.ilestunefois.com\/en\/"},{"@type":"ListItem","position":2,"name":"Audiovisual production company in Nice"}]},{"@type":"WebSite","@id":"https:\/\/www.ilestunefois.com\/#website","url":"https:\/\/www.ilestunefois.com\/","name":"Il est une fois","description":"Agence de production audiovisuelle","publisher":{"@id":"https:\/\/www.ilestunefois.com\/#organization"},"potentialAction":[{"@type":"SearchAction","target":{"@type":"EntryPoint","urlTemplate":"https:\/\/www.ilestunefois.com\/?s={search_term_string}"},"query-input":{"@type":"PropertyValueSpecification","valueRequired":true,"valueName":"search_term_string"}}],"inLanguage":"en-US"},{"@type":"Organization","@id":"https:\/\/www.ilestunefois.com\/#organization","name":"IL EST UNE FOIS - Soci\u00e9t\u00e9 de Production Audiovisuelle \u00e0 Paris","url":"https:\/\/www.ilestunefois.com\/","logo":{"@type":"ImageObject","inLanguage":"en-US","@id":"https:\/\/www.ilestunefois.com\/#\/schema\/logo\/image\/","url":"https:\/\/www.ilestunefois.com\/wp-content\/uploads\/2020\/09\/Sans-titre-7.png","contentUrl":"https:\/\/www.ilestunefois.com\/wp-content\/uploads\/2020\/09\/Sans-titre-7.png","width":512,"height":512,"caption":"IL EST UNE FOIS - Soci\u00e9t\u00e9 de Production Audiovisuelle \u00e0 Paris"},"image":{"@id":"https:\/\/www.ilestunefois.com\/#\/schema\/logo\/image\/"},"sameAs":["https:\/\/www.facebook.com\/ilestunefois","https:\/\/www.instagram.com\/ilestunefoisproduction\/?hl=en","https:\/\/www.youtube.com\/channel\/UCkD08Da4V6vS1q_BC6-oHrA"]}]}},"_links":{"self":[{"href":"https:\/\/www.ilestunefois.com\/en\/wp-json\/wp\/v2\/pages\/10727","targetHints":{"allow":["GET"]}}],"collection":[{"href":"https:\/\/www.ilestunefois.com\/en\/wp-json\/wp\/v2\/pages"}],"about":[{"href":"https:\/\/www.ilestunefois.com\/en\/wp-json\/wp\/v2\/types\/page"}],"author":[{"embeddable":true,"href":"https:\/\/www.ilestunefois.com\/en\/wp-json\/wp\/v2\/users\/1"}],"replies":[{"embeddable":true,"href":"https:\/\/www.ilestunefois.com\/en\/wp-json\/wp\/v2\/comments?post=10727"}],"version-history":[{"count":2,"href":"https:\/\/www.ilestunefois.com\/en\/wp-json\/wp\/v2\/pages\/10727\/revisions"}],"predecessor-version":[{"id":10916,"href":"https:\/\/www.ilestunefois.com\/en\/wp-json\/wp\/v2\/pages\/10727\/revisions\/10916"}],"wp:attachment":[{"href":"https:\/\/www.ilestunefois.com\/en\/wp-json\/wp\/v2\/media?parent=10727"}],"curies":[{"name":"wp","href":"https:\/\/api.w.org\/{rel}","templated":true}]}}